{"id":4294,"date":"2020-01-21T09:59:11","date_gmt":"2020-01-21T06:59:11","guid":{"rendered":"http:\/\/www.beydereun.com\/?page_id=4294"},"modified":"2020-01-21T10:28:17","modified_gmt":"2020-01-21T07:28:17","slug":"iletisim","status":"publish","type":"page","link":"http:\/\/www.beydereun.com\/?page_id=4294","title":{"rendered":"\u0130leti\u015fim"},"content":{"rendered":"\n<p>Adres : Konya Yolu 4. Km Karap\u0131nar  Konya \/ T\u00dcRK\u0130YE<\/p>\n\n\n\n<p> Tel  : + 90 332 755 77 70  Fax : + 90 332 755 75 50 <\/p>\n\n\n\n<p>www.beydereun.com <\/p>\n\n\n\n<p>E-Posta : iletisim@beydereun.com<\/p>\n\n\n\n<p> \u015eirket Sahibi: Zeki MAKARACI <\/p>\n","protected":false},"excerpt":{"rendered":"<p>Adres : Konya Yolu 4. Km Karap\u0131nar Konya \/ T\u00dcRK\u0130YE Tel : + 90 332 755 77 70 Fax : + 90 332 755 75 50 www.beydereun.com E-Posta : iletisim@beydereun.com \u015eirket Sahibi: Zeki MAKARACI<\/p>\n","protected":false},"author":1,"featured_media":0,"parent":0,"menu_order":0,"comment_status":"closed","ping_status":"closed","template":"","meta":{"footnotes":""},"class_list":["post-4294","page","type-page","status-publish","hentry"],"_links":{"self":[{"href":"http:\/\/www.beydereun.com\/index.php?rest_route=\/wp\/v2\/pages\/4294","targetHints":{"allow":["GET"]}}],"collection":[{"href":"http:\/\/www.beydereun.com\/index.php?rest_route=\/wp\/v2\/pages"}],"about":[{"href":"http:\/\/www.beydereun.com\/index.php?rest_route=\/wp\/v2\/types\/page"}],"author":[{"embeddable":true,"href":"http:\/\/www.beydereun.com\/index.php?rest_route=\/wp\/v2\/users\/1"}],"replies":[{"embeddable":true,"href":"http:\/\/www.beydereun.com\/index.php?rest_route=%2Fwp%2Fv2%2Fcomments&post=4294"}],"version-history":[{"count":2,"href":"http:\/\/www.beydereun.com\/index.php?rest_route=\/wp\/v2\/pages\/4294\/revisions"}],"predecessor-version":[{"id":4315,"href":"http:\/\/www.beydereun.com\/index.php?rest_route=\/wp\/v2\/pages\/4294\/revisions\/4315"}],"wp:attachment":[{"href":"http:\/\/www.beydereun.com\/index.php?rest_route=%2Fwp%2Fv2%2Fmedia&parent=4294"}],"curies":[{"name":"wp","href":"https:\/\/api.w.org\/{rel}","templated":true}]}}